{"id":309,"date":"2015-08-03T13:18:35","date_gmt":"2015-08-03T13:18:35","guid":{"rendered":"http:\/\/69.16.233.48\/fernandezdentaloffice\/?page_id=309"},"modified":"2016-01-21T13:05:36","modified_gmt":"2016-01-21T18:05:36","slug":"for-patients","status":"publish","type":"page","link":"http:\/\/fernandezdentaloffice.com\/sp\/for-patients\/","title":{"rendered":"PARA PACIENTES"},"content":{"rendered":"<div class=\"vc_row wpb_row vc_row-fluid main-heading\"><div class=\"wpb_column vc_column_container vc_col-sm-12\"><div class=\"wpb_wrapper\">\n\t<div class=\"wpb_text_column wpb_content_element  pages-main-heading vc_custom_1453399284058\">\n\t\t<div class=\"wpb_wrapper\">\n\t\t\t<h3 style=\"text-align: center;\">Al Servicio de <strong>Nuestros Pacientes<\/strong><\/h3>\n\n\t\t<\/div> \n\t<\/div> \n\t<div class=\"wpb_text_column wpb_content_element \">\n\t\t<div class=\"wpb_wrapper\">\n\t\t\t<p style=\"text-align: center;\">Contamos con planes de financiamiento disponibles para todos los servicios odontol\u00f3gicos con 0% de inter\u00e9s a trav\u00e9s de las compa\u00f1\u00edas Care Credit y Citi Health.<\/p>\n\n\t\t<\/div> \n\t<\/div> <\/div><\/div><\/div><div class=\"vc_row wpb_row vc_row-fluid\"><div class=\"wpb_column vc_column_container vc_col-sm-8\"><div class=\"wpb_wrapper\"><h3 style=\"text-align: left;font-family:PT Sans;font-weight:400;font-style:normal\" class=\"vc_custom_heading\">OPCIONES DE PAGO<\/h3>\n\t<div class=\"wpb_text_column wpb_content_element \">\n\t\t<div class=\"wpb_wrapper\">\n\t\t\t<ul>\n<li>Aceptamos seguros PPO.<\/li>\n<li>Tarjetas de cr\u00e9dito (Visa, Marter Card, American Express y Discover).<\/li>\n<li>Reciba su examen\u00a0 y radiograf\u00edas totalmente gratis.<\/li>\n<li>Estudio de CTScan gratis, con su procedimiento.<\/li>\n<\/ul>\n<p>Haga su cita y consulte a uno de nuestros expertos.<\/p>\n\n\t\t<\/div> \n\t<\/div> <h3 style=\"text-align: left;font-family:PT Sans;font-weight:400;font-style:normal\" class=\"vc_custom_heading\">APLIQUE AHORA<\/h3><div class=\"vc_row wpb_row vc_inner vc_row-fluid\"><div class=\"wpb_column vc_column_container vc_col-sm-6\"><div class=\"wpb_wrapper\">\n\t<div class=\"wpb_single_image wpb_content_element vc_align_left\">\n\t\t<div class=\"wpb_wrapper\">\n\t\t\t\n\t\t\t<a href=\"https:\/\/www.citicards.com\/cards\/portal\/healthcard\/sc\/providerSearch.do?screenID=5042\" target=\"_blank\"><div class=\"vc_single_image-wrapper   vc_box_border_grey\"><img loading=\"lazy\" decoding=\"async\" width=\"189\" height=\"118\" src=\"http:\/\/fernandezdentaloffice.com\/sp\/wp-content\/uploads\/2015\/08\/patients-logo1.jpg\" class=\"vc_single_image-img attachment-full\" alt=\"\" srcset=\"http:\/\/fernandezdentaloffice.com\/sp\/wp-content\/uploads\/2015\/08\/patients-logo1.jpg 189w, http:\/\/fernandezdentaloffice.com\/sp\/wp-content\/uploads\/2015\/08\/patients-logo1-111x69.jpg 111w\" sizes=\"auto, (max-width: 189px) 100vw, 189px\" \/><\/div><\/a>\n\t\t<\/div> \n\t<\/div> <\/div><\/div><div class=\"wpb_column vc_column_container vc_col-sm-6\"><div class=\"wpb_wrapper\">\n\t<div class=\"wpb_single_image wpb_content_element vc_align_left\">\n\t\t<div class=\"wpb_wrapper\">\n\t\t\t\n\t\t\t<a href=\"http:\/\/www.carecredit.com\/apply\/\" target=\"_blank\"><div class=\"vc_single_image-wrapper   vc_box_border_grey\"><img loading=\"lazy\" decoding=\"async\" width=\"280\" height=\"43\" src=\"http:\/\/fernandezdentaloffice.com\/sp\/wp-content\/uploads\/2015\/08\/patients-logo2.jpg\" class=\"vc_single_image-img attachment-full\" alt=\"\" \/><\/div><\/a>\n\t\t<\/div> \n\t<\/div> <\/div><\/div><\/div><\/div><\/div><div class=\"wpb_column vc_column_container vc_col-sm-4\"><div class=\"wpb_wrapper\"><h3 style=\"text-align: left;font-family:Raleway;font-weight:400;font-style:normal\" class=\"vc_custom_heading\">Descargas<\/h3>\n\t<div class=\"wpb_text_column wpb_content_element  forms\">\n\t\t<div class=\"wpb_wrapper\">\n\t\t\t<ul>\n<li><a href=\"http:\/\/fernandezdentaloffice.com\/sp\/wp-content\/uploads\/2015\/12\/NEW_PATIENT_FORMS_SPANISH.pdf\" target=\"_blank\">Forma de Paciente Nuevo<\/a><\/li>\n<li><a href=\"http:\/\/fernandezdentaloffice.com\/sp\/wp-content\/uploads\/2015\/12\/INSURANCE_INQUIRY_FORM.pdf\">Forma de Seguro<\/a><\/li>\n<li><a href=\"#\">Forma de Plan Dental<\/a><\/li>\n<li><a href=\"#\">Forma Solicitud de Cr\u00e9dito<\/a><\/li>\n<\/ul>\n\n\t\t<\/div> \n\t<\/div> <\/div><\/div><\/div>\n","protected":false},"excerpt":{"rendered":"Al Servicio de Nuestros Pacientes Contamos con planes de financiamiento disponibles para todos los servicios odontol\u00f3gicos con 0% de inter\u00e9s a trav\u00e9s de las compa\u00f1\u00edas Care Credit y Citi Health. OPCIONES DE PAGO Aceptamos seguros PPO. Tarjetas de cr\u00e9dito (Visa, Marter Card, American Express y Discover). Reciba su examen\u00a0 y radiograf\u00edas totalmente gratis. Estudio de [...]","protected":false},"author":4,"featured_media":0,"parent":0,"menu_order":0,"comment_status":"open","ping_status":"open","template":"fullwidth-template.php","meta":{"footnotes":""},"class_list":["post-309","page","type-page","status-publish","hentry"],"_links":{"self":[{"href":"http:\/\/fernandezdentaloffice.com\/sp\/wp-json\/wp\/v2\/pages\/309","targetHints":{"allow":["GET"]}}],"collection":[{"href":"http:\/\/fernandezdentaloffice.com\/sp\/wp-json\/wp\/v2\/pages"}],"about":[{"href":"http:\/\/fernandezdentaloffice.com\/sp\/wp-json\/wp\/v2\/types\/page"}],"author":[{"embeddable":true,"href":"http:\/\/fernandezdentaloffice.com\/sp\/wp-json\/wp\/v2\/users\/4"}],"replies":[{"embeddable":true,"href":"http:\/\/fernandezdentaloffice.com\/sp\/wp-json\/wp\/v2\/comments?post=309"}],"version-history":[{"count":2,"href":"http:\/\/fernandezdentaloffice.com\/sp\/wp-json\/wp\/v2\/pages\/309\/revisions"}],"predecessor-version":[{"id":612,"href":"http:\/\/fernandezdentaloffice.com\/sp\/wp-json\/wp\/v2\/pages\/309\/revisions\/612"}],"wp:attachment":[{"href":"http:\/\/fernandezdentaloffice.com\/sp\/wp-json\/wp\/v2\/media?parent=309"}],"curies":[{"name":"wp","href":"https:\/\/api.w.org\/{rel}","templated":true}]}}