{"id":298,"date":"2015-08-03T12:50:35","date_gmt":"2015-08-03T12:50:35","guid":{"rendered":"http:\/\/69.16.233.48\/fernandezdentaloffice\/?page_id=298"},"modified":"2016-01-21T12:07:59","modified_gmt":"2016-01-21T17:07:59","slug":"implantes","status":"publish","type":"page","link":"http:\/\/fernandezdentaloffice.com\/sp\/implantes\/","title":{"rendered":"IMPLANTES"},"content":{"rendered":"<div data-vc-full-width=\"true\" data-vc-full-width-init=\"false\" class=\"vc_row wpb_row vc_row-fluid main-heading vc_custom_1439473756574\"><div class=\"wpb_column vc_column_container vc_col-sm-12\"><div class=\"wpb_wrapper\">\n\t<div class=\"wpb_text_column wpb_content_element  pages-main-heading vc_custom_1441281604701\">\n\t\t<div class=\"wpb_wrapper\">\n\t\t\t<h3 style=\"text-align: center;\">Implantes <strong>Dentales<\/strong><\/h3>\n\n\t\t<\/div> \n\t<\/div> \n\t<div class=\"wpb_text_column wpb_content_element  vc_custom_1441281436459\">\n\t\t<div class=\"wpb_wrapper\">\n\t\t\t<p style=\"text-align: center;\">Ponemos a su disposici\u00f3n los m\u00e1s diversos procedimientos en implantes dentales.<\/p>\n\n\t\t<\/div> \n\t<\/div> <div class=\"vc_row wpb_row vc_inner vc_row-fluid vc_custom_1439473588366\"><div class=\"wpb_column vc_column_container vc_col-sm-6\"><div class=\"wpb_wrapper\">\n\t<div class=\"wpb_single_image wpb_content_element vc_align_left\">\n\t\t<div class=\"wpb_wrapper\">\n\t\t\t\n\t\t\t<div class=\"vc_single_image-wrapper   vc_box_border_grey\"><img loading=\"lazy\" decoding=\"async\" width=\"501\" height=\"445\" src=\"http:\/\/fernandezdentaloffice.com\/sp\/wp-content\/uploads\/2015\/08\/impantes1.jpg\" class=\"vc_single_image-img attachment-full\" alt=\"\" srcset=\"http:\/\/fernandezdentaloffice.com\/sp\/wp-content\/uploads\/2015\/08\/impantes1.jpg 501w, http:\/\/fernandezdentaloffice.com\/sp\/wp-content\/uploads\/2015\/08\/impantes1-300x266.jpg 300w\" sizes=\"auto, (max-width: 501px) 100vw, 501px\" \/><\/div>\n\t\t<\/div> \n\t<\/div> <\/div><\/div><div class=\"wpb_column vc_column_container vc_col-sm-6\"><div class=\"wpb_wrapper\"><h3 style=\"text-align: left;font-family:Roboto;font-weight:400;font-style:normal\" class=\"vc_custom_heading\">Implantes Dentales<\/h3>\n\t<div class=\"wpb_text_column wpb_content_element \">\n\t\t<div class=\"wpb_wrapper\">\n\t\t\t<p>El implante dental es un tratamiento dise\u00f1ado para sustituir la ra\u00edz del diente natural y mantener el diente artificial en su sitio. Se fabrica con materiales biocompatibles que permiten la osteointegraci\u00f3n, es decir, su uni\u00f3n al hueso. Mediante \u00e9ste procedimiento se conserva mayor cantidad de hueso alveolar, puesto que se reabsorbe al no recibir ning\u00fan tipo de est\u00edmulo. El implante ayuda a mantener la estructura facial previniendo el deterioro \u00f3seo, y proporciona al paciente la confianza.<\/p>\n\n\t\t<\/div> \n\t<\/div> \n\t<div class=\"wpb_text_column wpb_content_element \">\n\t\t<div class=\"wpb_wrapper\">\n\t\t\t<p><a class=\"read_more\">Read more<\/a><\/p>\n\n\t\t<\/div> \n\t<\/div> <\/div><\/div><\/div><div class=\"vc_row wpb_row vc_inner vc_row-fluid vc_custom_1439473808594\"><div class=\"wpb_column vc_column_container vc_col-sm-6\"><div class=\"wpb_wrapper\">\n\t<div class=\"wpb_single_image wpb_content_element vc_align_left\">\n\t\t<div class=\"wpb_wrapper\">\n\t\t\t\n\t\t\t<div class=\"vc_single_image-wrapper   vc_box_border_grey\"><img loading=\"lazy\" decoding=\"async\" width=\"500\" height=\"445\" src=\"http:\/\/fernandezdentaloffice.com\/sp\/wp-content\/uploads\/2015\/08\/impantes3.jpg\" class=\"vc_single_image-img attachment-full\" alt=\"\" srcset=\"http:\/\/fernandezdentaloffice.com\/sp\/wp-content\/uploads\/2015\/08\/impantes3.jpg 500w, http:\/\/fernandezdentaloffice.com\/sp\/wp-content\/uploads\/2015\/08\/impantes3-300x267.jpg 300w\" sizes=\"auto, (max-width: 500px) 100vw, 500px\" \/><\/div>\n\t\t<\/div> \n\t<\/div> <\/div><\/div><div class=\"wpb_column vc_column_container vc_col-sm-6\"><div class=\"wpb_wrapper\"><h3 style=\"text-align: left;font-family:Roboto;font-weight:400;font-style:normal\" class=\"vc_custom_heading\">Implantes con Dentadura de Sistema de Broches<\/h3>\n\t<div class=\"wpb_text_column wpb_content_element \">\n\t\t<div class=\"wpb_wrapper\">\n\t\t\t<p>Procedimiento\u00a0destinado\u00a0para el\u00a0paciente\u00a0ed\u00e9ntulo\u00a0total. Se\u00a0utilizan\u00a0de dos a\u00a0cuatro implantes y una\u00a0sobredentadura\u00a0con\u00a0<em>ball\u00a0attachment<\/em>\u00a0(pilares de bola). Los\u00a0<em>ball\u00a0attachments<\/em>\u00a0forman un sistema de broches, usado para que la dentadura se mantenga firme, sin el empleo de pasta adhesiva. Para \u00e9ste tratamiento contamos con el\u00a0<em>CTScan<\/em>, una m\u00e1quina de tomograf\u00eda computarizada de haz de cono capaz de\u00a0capturar\u00a0im\u00e1genes en tercera dimensi\u00f3n de toda la cavidad oral, espec\u00edficamente de la estructura \u00f3sea, lo que posibilita un diagn\u00f3stico certero y preciso para este\u00a0procedimiento. El\u00a0Dr. Fern\u00e1ndez conocer\u00e1 c\u00f3mo se encuentran los niveles de hueso del paciente antes de proceder a la colocaci\u00f3n de los implantes.<\/p>\n\n\t\t<\/div> \n\t<\/div> \n\t<div class=\"wpb_text_column wpb_content_element \">\n\t\t<div class=\"wpb_wrapper\">\n\t\t\t<p><a class=\"read_more\">Read more<\/a><\/p>\n\n\t\t<\/div> \n\t<\/div> <\/div><\/div><\/div><div class=\"vc_row wpb_row vc_inner vc_row-fluid vc_custom_1439473821823\"><div class=\"wpb_column vc_column_container vc_col-sm-6\"><div class=\"wpb_wrapper\">\n\t<div class=\"wpb_single_image wpb_content_element vc_align_left\">\n\t\t<div class=\"wpb_wrapper\">\n\t\t\t\n\t\t\t<div class=\"vc_single_image-wrapper   vc_box_border_grey\"><img loading=\"lazy\" decoding=\"async\" width=\"510\" height=\"445\" src=\"http:\/\/fernandezdentaloffice.com\/sp\/wp-content\/uploads\/2015\/08\/impantes3-big.jpg\" class=\"vc_single_image-img attachment-full\" alt=\"\" srcset=\"http:\/\/fernandezdentaloffice.com\/sp\/wp-content\/uploads\/2015\/08\/impantes3-big.jpg 510w, http:\/\/fernandezdentaloffice.com\/sp\/wp-content\/uploads\/2015\/08\/impantes3-big-300x262.jpg 300w\" sizes=\"auto, (max-width: 510px) 100vw, 510px\" \/><\/div>\n\t\t<\/div> \n\t<\/div> <\/div><\/div><div class=\"wpb_column vc_column_container vc_col-sm-6\"><div class=\"wpb_wrapper\"><h3 style=\"text-align: left;font-family:Roboto;font-weight:400;font-style:normal\" class=\"vc_custom_heading\">Implantes Dentales Para Dientes Fijos<\/h3>\n\t<div class=\"wpb_text_column wpb_content_element \">\n\t\t<div class=\"wpb_wrapper\">\n\t\t\t<p>Usted tambi\u00e9n puede recibir hermosos dientes nuevos \u00a1EN UN SOLO D\u00cdA! con implantes dentales. Una soluci\u00f3n inmediata, estable, y est\u00e9tica para los pacientes ed\u00e9ntulos.\u00a0Construido de zirconia ciento por ciento o acr\u00edlico, con el tejido de color rosa, es el m\u00e1s resistente en fuerza y longevidad.\u00a0Esta restauraci\u00f3n de arcada completa mejora considerablemente la expresi\u00f3n y funci\u00f3n masticatoria. Se une a los implantes a trav\u00e9s de conexiones de titanio y resulta ideal para soportar las tensiones funcionales que las dentaduras deben soportar.\u00a0Para planificar la colocaci\u00f3n de implantes dentales, facilitar el dise\u00f1o y la fabricaci\u00f3n de los dientes de reemplazo final, se recomienda un examen de CTScan en 3D. Posteriormente se utilizar\u00e1 un software de planificaci\u00f3n virtual para fabricar una gu\u00eda quir\u00fargica, previo al procedimiento, es decir, antes de la colocaci\u00f3n de los implantes programados.<\/p>\n\n\t\t<\/div> \n\t<\/div> \n\t<div class=\"wpb_text_column wpb_content_element \">\n\t\t<div class=\"wpb_wrapper\">\n\t\t\t<p><a class=\"read_more\">Read more<\/a><\/p>\n\n\t\t<\/div> \n\t<\/div> <\/div><\/div><\/div><div class=\"vc_row wpb_row vc_inner vc_row-fluid vc_custom_1439473821823\"><div class=\"wpb_column vc_column_container vc_col-sm-6\"><div class=\"wpb_wrapper\">\n\t<div class=\"wpb_single_image wpb_content_element vc_align_left\">\n\t\t<div class=\"wpb_wrapper\">\n\t\t\t\n\t\t\t<div class=\"vc_single_image-wrapper   vc_box_border_grey\"><img loading=\"lazy\" decoding=\"async\" width=\"510\" height=\"445\" src=\"http:\/\/fernandezdentaloffice.com\/sp\/wp-content\/uploads\/2015\/08\/impantes4-big.jpg\" class=\"vc_single_image-img attachment-full\" alt=\"\" srcset=\"http:\/\/fernandezdentaloffice.com\/sp\/wp-content\/uploads\/2015\/08\/impantes4-big.jpg 510w, http:\/\/fernandezdentaloffice.com\/sp\/wp-content\/uploads\/2015\/08\/impantes4-big-300x262.jpg 300w\" sizes=\"auto, (max-width: 510px) 100vw, 510px\" \/><\/div>\n\t\t<\/div> \n\t<\/div> <\/div><\/div><div class=\"wpb_column vc_column_container vc_col-sm-6\"><div class=\"wpb_wrapper\"><h3 style=\"text-align: left;font-family:Roboto;font-weight:400;font-style:normal\" class=\"vc_custom_heading\">CTScan<\/h3>\n\t<div class=\"wpb_text_column wpb_content_element \">\n\t\t<div class=\"wpb_wrapper\">\n\t\t\t<p>A su alcance la \u00faltima tecnolog\u00eda de CTScan en tercera dimensi\u00f3n, una m\u00e1quina computarizada de haz de cono capaz de capturar im\u00e1genes en tercera dimensi\u00f3n de la estructura \u00f3sea. Un examen que le permite al Dr. Fern\u00e1ndez planear la cirug\u00eda de manera virtual antes del procedimiento quir\u00fargico. Estudio en tres dimensiones que ofrece precisi\u00f3n y seguridad para la colocaci\u00f3n de implantes dentales.<\/p>\n\n\t\t<\/div> \n\t<\/div> \n\t<div class=\"wpb_text_column wpb_content_element \">\n\t\t<div class=\"wpb_wrapper\">\n\t\t\t<p><a class=\"read_more\">Read more<\/a><\/p>\n\n\t\t<\/div> \n\t<\/div> <\/div><\/div><\/div><\/div><\/div><\/div><div class=\"vc_row-full-width\"><\/div>\n","protected":false},"excerpt":{"rendered":"Implantes Dentales Ponemos a su disposici\u00f3n los m\u00e1s diversos procedimientos en implantes dentales. Implantes Dentales El implante dental es un tratamiento dise\u00f1ado para sustituir la ra\u00edz del diente natural y mantener el diente artificial en su sitio. Se fabrica con materiales biocompatibles que permiten la osteointegraci\u00f3n, es decir, su uni\u00f3n al hueso. Mediante \u00e9ste procedimiento [...]","protected":false},"author":4,"featured_media":0,"parent":0,"menu_order":0,"comment_status":"open","ping_status":"open","template":"fullwidth-template.php","meta":{"footnotes":""},"class_list":["post-298","page","type-page","status-publish","hentry"],"_links":{"self":[{"href":"http:\/\/fernandezdentaloffice.com\/sp\/wp-json\/wp\/v2\/pages\/298","targetHints":{"allow":["GET"]}}],"collection":[{"href":"http:\/\/fernandezdentaloffice.com\/sp\/wp-json\/wp\/v2\/pages"}],"about":[{"href":"http:\/\/fernandezdentaloffice.com\/sp\/wp-json\/wp\/v2\/types\/page"}],"author":[{"embeddable":true,"href":"http:\/\/fernandezdentaloffice.com\/sp\/wp-json\/wp\/v2\/users\/4"}],"replies":[{"embeddable":true,"href":"http:\/\/fernandezdentaloffice.com\/sp\/wp-json\/wp\/v2\/comments?post=298"}],"version-history":[{"count":1,"href":"http:\/\/fernandezdentaloffice.com\/sp\/wp-json\/wp\/v2\/pages\/298\/revisions"}],"predecessor-version":[{"id":605,"href":"http:\/\/fernandezdentaloffice.com\/sp\/wp-json\/wp\/v2\/pages\/298\/revisions\/605"}],"wp:attachment":[{"href":"http:\/\/fernandezdentaloffice.com\/sp\/wp-json\/wp\/v2\/media?parent=298"}],"curies":[{"name":"wp","href":"https:\/\/api.w.org\/{rel}","templated":true}]}}