{"id":262,"date":"2015-08-01T08:53:28","date_gmt":"2015-08-01T08:53:28","guid":{"rendered":"http:\/\/69.16.233.48\/fernandezdentaloffice\/?page_id=262"},"modified":"2016-01-21T12:29:16","modified_gmt":"2016-01-21T17:29:16","slug":"why-choose-us","status":"publish","type":"page","link":"http:\/\/fernandezdentaloffice.com\/sp\/why-choose-us\/","title":{"rendered":"\u00bf POR QUE ELEGIRNOS ?"},"content":{"rendered":"<div class=\"vc_row wpb_row vc_row-fluid\"><div class=\"wpb_column vc_column_container vc_col-sm-12\"><div class=\"wpb_wrapper\">\n\t<div class=\"wpb_text_column wpb_content_element  pages-main-heading vc_custom_1450173940057\">\n\t\t<div class=\"wpb_wrapper\">\n\t\t\t<h3 style=\"text-align: center;\">\u00bfPOR QUE <strong>ELEGIRNOS?<\/strong><\/h3>\n\n\t\t<\/div> \n\t<\/div> \n\t<div class=\"wpb_text_column wpb_content_element \">\n\t\t<div class=\"wpb_wrapper\">\n\t\t\t<p style=\"text-align: center;\">Fern\u00e1ndez Dental tiene como primicia fundamental la satisfacci\u00f3n de sus pacientes\u2026<\/p>\n\n\t\t<\/div> \n\t<\/div> <\/div><\/div><\/div><div data-vc-full-width=\"true\" data-vc-full-width-init=\"false\" class=\"vc_row wpb_row vc_row-fluid vc_custom_1441281128056\"><div class=\"wpb_column vc_column_container vc_col-sm-12\"><div class=\"wpb_wrapper\">\n\t<div class=\"wpb_text_column wpb_content_element \">\n\t\t<div class=\"wpb_wrapper\">\n\t\t\t<p>Con m\u00e1s de 20 a\u00f1os al servicio de la comunidad, Fern\u00e1ndez Dental tiene como primicia fundamental la satisfacci\u00f3n de sus pacientes, bajo el concepto de brindarles los m\u00e1s altos niveles de atenci\u00f3n en un ambiente sumamente acogedor, como usted podr\u00e1 apreciar, cuando nos visite.<\/p>\n<p>A su disposici\u00f3n la m\u00e1s avanzada tencolog\u00eda. CTScan en tercera dimensi\u00f3n, XRays panor\u00e1micos e intraorales, terapia l\u00e1ser periodontal y una m\u00e1quina rob\u00f3tica que permite tener listas sus coronas y carillas est\u00e9ticas de porcelana, ciento por ciento pura, en corto tiempo. Nos distingue la mejor atenci\u00f3n y un servicio de excelencia. Desde su primera llamada a las cl\u00ednicas \u201cFern\u00e1ndez Dental\u201d, usted recibir\u00e1 un trato profesional y amable por parte de nuestros especialistas en telemarketing. Puede llamarnos al <strong>305-512-8222<\/strong> y recibir\u00e1 su examen y radiograf\u00edas totalmente gratis.<\/p>\n<p>Adem\u00e1s, podr\u00e1 conocer de nosotros a trav\u00e9s de los canales de habla hispana Univsi\u00f3n 23, Telemundo 51, AmericaTeVe (Canal 41) y Canal 7, por solo mencionar algunos. De igual forma podr\u00e1 sintonizar las emisoras 92.3 FM, 11.40 AM o recepcionar los flyers de nuestras oficinas.<\/p>\n\n\t\t<\/div> \n\t<\/div> <\/div><\/div><\/div><div class=\"vc_row-full-width\"><\/div>\n","protected":false},"excerpt":{"rendered":"\u00bfPOR QUE ELEGIRNOS? Fern\u00e1ndez Dental tiene como primicia fundamental la satisfacci\u00f3n de sus pacientes\u2026 Con m\u00e1s de 20 a\u00f1os al servicio de la comunidad, Fern\u00e1ndez Dental tiene como primicia fundamental la satisfacci\u00f3n de sus pacientes, bajo el concepto de brindarles los m\u00e1s altos niveles de atenci\u00f3n en un ambiente sumamente acogedor, como usted podr\u00e1 apreciar, [...]","protected":false},"author":4,"featured_media":0,"parent":0,"menu_order":0,"comment_status":"open","ping_status":"closed","template":"fullwidth-template.php","meta":{"footnotes":""},"class_list":["post-262","page","type-page","status-publish","hentry"],"_links":{"self":[{"href":"http:\/\/fernandezdentaloffice.com\/sp\/wp-json\/wp\/v2\/pages\/262","targetHints":{"allow":["GET"]}}],"collection":[{"href":"http:\/\/fernandezdentaloffice.com\/sp\/wp-json\/wp\/v2\/pages"}],"about":[{"href":"http:\/\/fernandezdentaloffice.com\/sp\/wp-json\/wp\/v2\/types\/page"}],"author":[{"embeddable":true,"href":"http:\/\/fernandezdentaloffice.com\/sp\/wp-json\/wp\/v2\/users\/4"}],"replies":[{"embeddable":true,"href":"http:\/\/fernandezdentaloffice.com\/sp\/wp-json\/wp\/v2\/comments?post=262"}],"version-history":[{"count":2,"href":"http:\/\/fernandezdentaloffice.com\/sp\/wp-json\/wp\/v2\/pages\/262\/revisions"}],"predecessor-version":[{"id":610,"href":"http:\/\/fernandezdentaloffice.com\/sp\/wp-json\/wp\/v2\/pages\/262\/revisions\/610"}],"wp:attachment":[{"href":"http:\/\/fernandezdentaloffice.com\/sp\/wp-json\/wp\/v2\/media?parent=262"}],"curies":[{"name":"wp","href":"https:\/\/api.w.org\/{rel}","templated":true}]}}