{"id":237,"date":"2015-07-31T13:37:15","date_gmt":"2015-07-31T13:37:15","guid":{"rendered":"http:\/\/69.16.233.48\/fernandezdentaloffice\/?page_id=237"},"modified":"2015-12-22T15:46:34","modified_gmt":"2015-12-22T20:46:34","slug":"dr-fernandez","status":"publish","type":"page","link":"http:\/\/fernandezdentaloffice.com\/sp\/dr-fernandez\/","title":{"rendered":"DR. FERNANDEZ"},"content":{"rendered":"<div class=\"vc_row wpb_row vc_row-fluid\"><div class=\"wpb_column vc_column_container vc_col-sm-12\"><div class=\"wpb_wrapper\">\n\t<div class=\"wpb_text_column wpb_content_element  pages-main-heading vc_custom_1450173483656\">\n\t\t<div class=\"wpb_wrapper\">\n\t\t\t<h3 style=\"text-align: center;\">Dr. L\u00e1zaro C. <strong>Fern\u00e1ndez<\/strong><\/h3>\n\n\t\t<\/div> \n\t<\/div> \n\t<div class=\"wpb_text_column wpb_content_element \">\n\t\t<div class=\"wpb_wrapper\">\n\t\t\t<p style=\"text-align: center;\">M\u00e1s de 20 a\u00f1os avalan la experiencia del Dr. Fern\u00e1ndez<br \/>\nen la rama odontol\u00f3gica. Con la apertura de su primera cl\u00ednica dental en<br \/>\n1996, comenz\u00f3 un camino promisorio hacia el \u00e9xito.<\/p>\n\n\t\t<\/div> \n\t<\/div> <\/div><\/div><\/div><div data-vc-full-width=\"true\" data-vc-full-width-init=\"false\" class=\"vc_row wpb_row vc_row-fluid vc_custom_1441281055739\"><div class=\"wpb_column vc_column_container vc_col-sm-12\"><div class=\"wpb_wrapper\"><div class=\"vc_row wpb_row vc_inner vc_row-fluid vc_custom_1438413208712\"><div class=\"wpb_column vc_column_container vc_col-sm-12\"><div class=\"wpb_wrapper\">\n\t<div class=\"wpb_single_image wpb_content_element vc_align_center\">\n\t\t<div class=\"wpb_wrapper\">\n\t\t\t\n\t\t\t<div class=\"vc_single_image-wrapper   vc_box_border_grey\"><img loading=\"lazy\" decoding=\"async\" width=\"571\" height=\"572\" src=\"http:\/\/fernandezdentaloffice.com\/sp\/wp-content\/uploads\/2015\/07\/dr-fernandis2.jpg\" class=\"vc_single_image-img attachment-full\" alt=\"\" srcset=\"http:\/\/fernandezdentaloffice.com\/sp\/wp-content\/uploads\/2015\/07\/dr-fernandis2.jpg 571w, http:\/\/fernandezdentaloffice.com\/sp\/wp-content\/uploads\/2015\/07\/dr-fernandis2-150x150.jpg 150w, http:\/\/fernandezdentaloffice.com\/sp\/wp-content\/uploads\/2015\/07\/dr-fernandis2-300x300.jpg 300w, http:\/\/fernandezdentaloffice.com\/sp\/wp-content\/uploads\/2015\/07\/dr-fernandis2-130x130.jpg 130w\" sizes=\"auto, (max-width: 571px) 100vw, 571px\" \/><\/div>\n\t\t<\/div> \n\t<\/div> <\/div><\/div><\/div><h2 style=\"text-align: left;font-family:Abril Fatface;font-weight:400;font-style:normal\" class=\"vc_custom_heading\">Biograf\u00eda Dr. L\u00e1zaro C. Fern\u00e1ndez<\/h2>\n\t<div class=\"wpb_text_column wpb_content_element \">\n\t\t<div class=\"wpb_wrapper\">\n\t\t\t<p style=\"text-align: left;\">L\u00e1zaro C. Fern\u00e1ndez, (D.D.S.) egres\u00f3 de la Escuela Odontol\u00f3gica \u201cUCE\u201d de San Pedro, Macoris, Rep\u00fablica Dominicana en el a\u00f1o 1983 y, con posterioridad, de la \u201cNYU\u201d New York University. Cuenta con un Master of the American Dental Implant Association y m\u00e1s de 20 a\u00f1os de experiencia en este procedimiento avalan su prestigio en la rama odontol\u00f3gica. A lo largo de su carrera ha colocado m\u00e1s de 30 mil implantes\u00a0dentales, condici\u00f3n que lo ubica entre los primeros doctores en desarrollar este tratamiento en los Estados Unidos.<\/p>\n<p>El ejercicio de sus funciones como odont\u00f3logo se inicia en California, extendido a\u00f1os despu\u00e9s a New York y Miami, ciudad donde permanece en la actualidad con tres oficinas dentales provistas de m\u00e1s de 12 salas operatorias, la m\u00e1s avanzada tecnolog\u00eda y ubicaciones muy convenientes en el sur de la Florida.<\/p>\n<p>Ha sido entrevistado por el Canal 23 (Univisi\u00f3n), TeleMundo 51 y el Miami Herald, como un prestigioso y reconocido doctor en odontolog\u00eda. Asimismo, en el Nuevo Herald, como especialista experto en la Terapia L\u00e1ser Periodontal. Su vasta experiencia en este procedimiento se acredita con el Millennium Laser Periodontal Therapy\u2122. En fecha reciente el Dr. Fern\u00e1ndez fue seleccionado para el programa \u201cAhora en\u00a0nuestra Comunidad\u201d, transmitido por Univisi\u00f3n 23, como uno de los principales doctores en la ciudad de Miami que brinda servicios a la comunidad, con la m\u00e1s avanzada tecnolog\u00eda en materia odontol\u00f3gica.<\/p>\n<p>El Dr. Fern\u00e1ndez se dedica por completo a la pr\u00e1ctica de los mejores y m\u00e1s recientes tratamientos dentales, en los que emplea la \u00faltima tecnolog\u00eda, procedimiento de L\u00e1ser para las enc\u00edas e implantes para sus pacientes.<\/p>\n\n\t\t<\/div> \n\t<\/div> \n\t<div class=\"wpb_text_column wpb_content_element \">\n\t\t<div class=\"wpb_wrapper\">\n\t\t\t<p><a class=\"read-more\">Read More<\/a><\/p>\n\n\t\t<\/div> \n\t<\/div> <\/div><\/div><\/div><div class=\"vc_row-full-width\"><\/div>\n","protected":false},"excerpt":{"rendered":"Dr. L\u00e1zaro C. Fern\u00e1ndez M\u00e1s de 20 a\u00f1os avalan la experiencia del Dr. Fern\u00e1ndez en la rama odontol\u00f3gica. Con la apertura de su primera cl\u00ednica dental en 1996, comenz\u00f3 un camino promisorio hacia el \u00e9xito. Biograf\u00eda Dr. L\u00e1zaro C. Fern\u00e1ndez L\u00e1zaro C. Fern\u00e1ndez, (D.D.S.) egres\u00f3 de la Escuela Odontol\u00f3gica \u201cUCE\u201d de San Pedro, Macoris, Rep\u00fablica [...]","protected":false},"author":4,"featured_media":0,"parent":0,"menu_order":0,"comment_status":"open","ping_status":"open","template":"fullwidth-template.php","meta":{"footnotes":""},"class_list":["post-237","page","type-page","status-publish","hentry"],"_links":{"self":[{"href":"http:\/\/fernandezdentaloffice.com\/sp\/wp-json\/wp\/v2\/pages\/237","targetHints":{"allow":["GET"]}}],"collection":[{"href":"http:\/\/fernandezdentaloffice.com\/sp\/wp-json\/wp\/v2\/pages"}],"about":[{"href":"http:\/\/fernandezdentaloffice.com\/sp\/wp-json\/wp\/v2\/types\/page"}],"author":[{"embeddable":true,"href":"http:\/\/fernandezdentaloffice.com\/sp\/wp-json\/wp\/v2\/users\/4"}],"replies":[{"embeddable":true,"href":"http:\/\/fernandezdentaloffice.com\/sp\/wp-json\/wp\/v2\/comments?post=237"}],"version-history":[{"count":2,"href":"http:\/\/fernandezdentaloffice.com\/sp\/wp-json\/wp\/v2\/pages\/237\/revisions"}],"predecessor-version":[{"id":581,"href":"http:\/\/fernandezdentaloffice.com\/sp\/wp-json\/wp\/v2\/pages\/237\/revisions\/581"}],"wp:attachment":[{"href":"http:\/\/fernandezdentaloffice.com\/sp\/wp-json\/wp\/v2\/media?parent=237"}],"curies":[{"name":"wp","href":"https:\/\/api.w.org\/{rel}","templated":true}]}}